{"id":84,"date":"2025-08-27T16:44:41","date_gmt":"2025-08-27T14:44:41","guid":{"rendered":"https:\/\/www.asep.cat\/?page_id=84"},"modified":"2025-09-19T18:18:51","modified_gmt":"2025-09-19T16:18:51","slug":"annex-strokeplay","status":"publish","type":"page","link":"https:\/\/papus.v6.rocks\/index.php\/annex-strokeplay\/","title":{"rendered":"Annex StrokePlay"},"content":{"rendered":"\n<p>1<br>Annexa Intercamps StrokePlay<br>Temporada XIX any 2025-26<br>1er Dates de la competici\u00f3<br>Veure \u201cCalendari temporada 2025-26\u201d al nostre web (www.pipcat.com\/seniorsponent)<br>2on Camps, equips.<br>El torneig Intercamps Oest de StrokePlay, consta de 9 jornades, a mes de les que es jugaran a tots els<br>camps que tinguin un equip participant a la competici\u00f3, s\u2019afegiran les jornades que faltin fins<br>completar les 9, entre els camps neutres, es a dir, que no tinguin equips en aquella divisi\u00f3 mitjan\u00e7ant<br>un sorteig.<br>La designaci\u00f3 de l\u2019ordre dels camps, la far\u00e0 el comit\u00e8 organitzador en funci\u00f3 de la meteorologia t\u00edpica<br>de la zona on es el camp.<br>Els resultats de cada jornada, puntuen per a la classificaci\u00f3 general i l\u2019\u00faltim partit es jugar\u00e0 al camp<br>designat per l\u2019organitzaci\u00f3.<br>Els equips participants a la present temporada per divisi\u00f3, s<\/p>\n","protected":false},"excerpt":{"rendered":"<p>1Annexa Intercamps StrokePlayTemporada XIX any 2025-261er Dates de la competici\u00f3Veure \u201cCalendari temporada 2025-26\u201d al nostre web (www.pipcat.com\/seniorsponent)2on Camps, equips.El torneig Intercamps Oest de StrokePlay, consta de 9 jornades, a mes de les que es jugaran a tots elscamps que tinguin un equip participant a la competici\u00f3, s\u2019afegiran les jornades que faltin finscompletar les 9, entre [&hellip;]<\/p>\n","protected":false},"author":1,"featured_media":0,"parent":0,"menu_order":0,"comment_status":"closed","ping_status":"closed","template":"","meta":{"footnotes":""},"c2tw_page_folder":[],"class_list":["post-84","page","type-page","status-publish","hentry"],"_links":{"self":[{"href":"https:\/\/papus.v6.rocks\/index.php\/wp-json\/wp\/v2\/pages\/84","targetHints":{"allow":["GET"]}}],"collection":[{"href":"https:\/\/papus.v6.rocks\/index.php\/wp-json\/wp\/v2\/pages"}],"about":[{"href":"https:\/\/papus.v6.rocks\/index.php\/wp-json\/wp\/v2\/types\/page"}],"author":[{"embeddable":true,"href":"https:\/\/papus.v6.rocks\/index.php\/wp-json\/wp\/v2\/users\/1"}],"replies":[{"embeddable":true,"href":"https:\/\/papus.v6.rocks\/index.php\/wp-json\/wp\/v2\/comments?post=84"}],"version-history":[{"count":2,"href":"https:\/\/papus.v6.rocks\/index.php\/wp-json\/wp\/v2\/pages\/84\/revisions"}],"predecessor-version":[{"id":327,"href":"https:\/\/papus.v6.rocks\/index.php\/wp-json\/wp\/v2\/pages\/84\/revisions\/327"}],"wp:attachment":[{"href":"https:\/\/papus.v6.rocks\/index.php\/wp-json\/wp\/v2\/media?parent=84"}],"wp:term":[{"taxonomy":"c2tw_page_folder","embeddable":true,"href":"https:\/\/papus.v6.rocks\/index.php\/wp-json\/wp\/v2\/c2tw_page_folder?post=84"}],"curies":[{"name":"wp","href":"https:\/\/api.w.org\/{rel}","templated":true}]}}